{"id":6965,"date":"2025-11-27T11:33:14","date_gmt":"2025-11-27T10:33:14","guid":{"rendered":"https:\/\/shop.fincalaestacada.com\/tienda-de-experiencias\/?post_type=product&#038;p=6965"},"modified":"2025-11-27T13:11:52","modified_gmt":"2025-11-27T12:11:52","slug":"cata-premium-grupo-minimo-10-personas","status":"publish","type":"product","link":"https:\/\/shop.fincalaestacada.com\/tienda-de-experiencias\/producto\/cata-premium-grupo-minimo-10-personas\/","title":{"rendered":"Cata Premium GRUPO M\u00cdNIMO 10 PERSONAS"},"content":{"rendered":"<section class=\"l-section wpb_row height_large\"><div class=\"l-section-h i-cf\"><div class=\"g-cols vc_row via_flex valign_top type_default stacking_default\"><div class=\"vc_col-sm-12 wpb_column vc_column_container\"><div class=\"vc_column-inner\"><div class=\"wpb_wrapper\"><div class=\"wpb_text_column\"><div class=\"wpb_wrapper\"><p>Disfruta de una experiencia enotur\u00edstica pensada para descubrir el vino desde dentro. Comenzamos con una visita guiada por la bodega, donde conocer\u00e9is su historia, c\u00f3mo elaboramos nuestros vinos y los detalles que los hacen especiales.<\/p>\n<p>Despu\u00e9s pasaremos a una cata premium de vinos Secua, dirigida por un profesional que os ir\u00e1 explicando de forma amena las caracter\u00edsticas de varios vinos de nuestra colecci\u00f3n m\u00e1s exclusiva. La jornada finaliza con una selecci\u00f3n de tapas gourmet maridadas, especialmente pensadas para resaltar aromas y sabores.<\/p>\n<p>Una experiencia elegante, sensorial y perfecta para grupos a partir de 10 personas<\/p>\n<\/div><\/div><div class=\"w-separator size_small\"><\/div><div class=\"wpb_text_column\"><div class=\"wpb_wrapper\"><h3><b>REQUISITOS<\/b><\/h3>\n<\/div><\/div><div class=\"w-separator size_small\"><\/div><div class=\"wpb_text_column\"><div class=\"wpb_wrapper\"><ul>\n<li>Lunes a viernes<\/li>\n<li>10 Personas<\/li>\n<li>12:00<\/li>\n<\/ul>\n<\/div><\/div><\/div><\/div><\/div><\/div><\/div><\/section>\n","protected":false},"excerpt":{"rendered":"Disfruta de una experiencia enotur\u00edstica pensada para descubrir el vino desde dentro. Comenzamos con una visita guiada por la bodega, donde conocer\u00e9is su historia, c\u00f3mo elaboramos nuestros vinos y los detalles que los hacen especiales. Despu\u00e9s pasaremos a una cata premium de vinos Secua, dirigida por un profesional que os ir\u00e1 explicando de forma amena...","protected":false},"featured_media":6982,"comment_status":"open","ping_status":"closed","template":"","meta":[],"product_brand":[],"product_cat":[35],"product_tag":[],"class_list":{"0":"post-6965","1":"product","2":"type-product","3":"status-publish","4":"has-post-thumbnail","6":"product_cat-actividades-para-grupos","8":"first","9":"instock","10":"shipping-taxable","11":"purchasable","12":"product-type-simple"},"yoast_head":"<!-- This site is optimized with the Yoast SEO plugin v26.8 - https:\/\/yoast.com\/product\/yoast-seo-wordpress\/ -->\n<title>Cata Premium GRUPO M\u00cdNIMO 10 PERSONAS - Experiencias<\/title>\n<meta name=\"robots\" content=\"index, follow, max-snippet:-1, max-image-preview:large, max-video-preview:-1\" \/>\n<link rel=\"canonical\" href=\"https:\/\/shop.fincalaestacada.com\/tienda-de-experiencias\/producto\/cata-premium-grupo-minimo-10-personas\/\" \/>\n<meta property=\"og:locale\" content=\"es_ES\" \/>\n<meta property=\"og:type\" content=\"article\" \/>\n<meta property=\"og:title\" content=\"Cata Premium GRUPO M\u00cdNIMO 10 PERSONAS - Experiencias\" \/>\n<meta property=\"og:url\" content=\"https:\/\/shop.fincalaestacada.com\/tienda-de-experiencias\/producto\/cata-premium-grupo-minimo-10-personas\/\" \/>\n<meta property=\"og:site_name\" content=\"Experiencias\" \/>\n<meta property=\"article:modified_time\" content=\"2025-11-27T12:11:52+00:00\" \/>\n<meta property=\"og:image\" content=\"https:\/\/shop.fincalaestacada.com\/tienda-de-experiencias\/wp-content\/uploads\/sites\/3\/2025\/11\/Cata-Premium-1.jpg\" \/>\n\t<meta property=\"og:image:width\" content=\"721\" \/>\n\t<meta property=\"og:image:height\" content=\"541\" \/>\n\t<meta property=\"og:image:type\" content=\"image\/jpeg\" \/>\n<meta name=\"twitter:card\" content=\"summary_large_image\" \/>\n<meta name=\"twitter:label1\" content=\"Tiempo de lectura\" \/>\n\t<meta name=\"twitter:data1\" content=\"1 minuto\" \/>\n<script type=\"application\/ld+json\" class=\"yoast-schema-graph\">{\"@context\":\"https:\/\/schema.org\",\"@graph\":[{\"@type\":\"WebPage\",\"@id\":\"https:\/\/shop.fincalaestacada.com\/tienda-de-experiencias\/producto\/cata-premium-grupo-minimo-10-personas\/\",\"url\":\"https:\/\/shop.fincalaestacada.com\/tienda-de-experiencias\/producto\/cata-premium-grupo-minimo-10-personas\/\",\"name\":\"Cata Premium GRUPO M\u00cdNIMO 10 PERSONAS - Experiencias\",\"isPartOf\":{\"@id\":\"https:\/\/shop.fincalaestacada.com\/tienda-de-experiencias\/#website\"},\"primaryImageOfPage\":{\"@id\":\"https:\/\/shop.fincalaestacada.com\/tienda-de-experiencias\/producto\/cata-premium-grupo-minimo-10-personas\/#primaryimage\"},\"image\":{\"@id\":\"https:\/\/shop.fincalaestacada.com\/tienda-de-experiencias\/producto\/cata-premium-grupo-minimo-10-personas\/#primaryimage\"},\"thumbnailUrl\":\"https:\/\/shop.fincalaestacada.com\/tienda-de-experiencias\/wp-content\/uploads\/sites\/3\/2025\/11\/Cata-Premium-1.jpg\",\"datePublished\":\"2025-11-27T10:33:14+00:00\",\"dateModified\":\"2025-11-27T12:11:52+00:00\",\"breadcrumb\":{\"@id\":\"https:\/\/shop.fincalaestacada.com\/tienda-de-experiencias\/producto\/cata-premium-grupo-minimo-10-personas\/#breadcrumb\"},\"inLanguage\":\"es\",\"potentialAction\":[{\"@type\":\"ReadAction\",\"target\":[\"https:\/\/shop.fincalaestacada.com\/tienda-de-experiencias\/producto\/cata-premium-grupo-minimo-10-personas\/\"]}]},{\"@type\":\"ImageObject\",\"inLanguage\":\"es\",\"@id\":\"https:\/\/shop.fincalaestacada.com\/tienda-de-experiencias\/producto\/cata-premium-grupo-minimo-10-personas\/#primaryimage\",\"url\":\"https:\/\/shop.fincalaestacada.com\/tienda-de-experiencias\/wp-content\/uploads\/sites\/3\/2025\/11\/Cata-Premium-1.jpg\",\"contentUrl\":\"https:\/\/shop.fincalaestacada.com\/tienda-de-experiencias\/wp-content\/uploads\/sites\/3\/2025\/11\/Cata-Premium-1.jpg\",\"width\":721,\"height\":541},{\"@type\":\"BreadcrumbList\",\"@id\":\"https:\/\/shop.fincalaestacada.com\/tienda-de-experiencias\/producto\/cata-premium-grupo-minimo-10-personas\/#breadcrumb\",\"itemListElement\":[{\"@type\":\"ListItem\",\"position\":1,\"name\":\"Portada\",\"item\":\"https:\/\/shop.fincalaestacada.com\/tienda-de-experiencias\/\"},{\"@type\":\"ListItem\",\"position\":2,\"name\":\"Tienda\",\"item\":\"https:\/\/shop.fincalaestacada.com\/tienda-de-experiencias\/tienda\/\"},{\"@type\":\"ListItem\",\"position\":3,\"name\":\"Cata Premium GRUPO M\u00cdNIMO 10 PERSONAS\"}]},{\"@type\":\"WebSite\",\"@id\":\"https:\/\/shop.fincalaestacada.com\/tienda-de-experiencias\/#website\",\"url\":\"https:\/\/shop.fincalaestacada.com\/tienda-de-experiencias\/\",\"name\":\"Experiencias\",\"description\":\"Otro sitio m\u00e1s de Tienda Finca La Estacada\",\"potentialAction\":[{\"@type\":\"SearchAction\",\"target\":{\"@type\":\"EntryPoint\",\"urlTemplate\":\"https:\/\/shop.fincalaestacada.com\/tienda-de-experiencias\/?s={search_term_string}\"},\"query-input\":{\"@type\":\"PropertyValueSpecification\",\"valueRequired\":true,\"valueName\":\"search_term_string\"}}],\"inLanguage\":\"es\"}]}<\/script>\n<!-- \/ Yoast SEO plugin. -->","yoast_head_json":{"title":"Cata Premium GRUPO M\u00cdNIMO 10 PERSONAS - Experiencias","robots":{"index":"index","follow":"follow","max-snippet":"max-snippet:-1","max-image-preview":"max-image-preview:large","max-video-preview":"max-video-preview:-1"},"canonical":"https:\/\/shop.fincalaestacada.com\/tienda-de-experiencias\/producto\/cata-premium-grupo-minimo-10-personas\/","og_locale":"es_ES","og_type":"article","og_title":"Cata Premium GRUPO M\u00cdNIMO 10 PERSONAS - Experiencias","og_url":"https:\/\/shop.fincalaestacada.com\/tienda-de-experiencias\/producto\/cata-premium-grupo-minimo-10-personas\/","og_site_name":"Experiencias","article_modified_time":"2025-11-27T12:11:52+00:00","og_image":[{"width":721,"height":541,"url":"https:\/\/shop.fincalaestacada.com\/tienda-de-experiencias\/wp-content\/uploads\/sites\/3\/2025\/11\/Cata-Premium-1.jpg","type":"image\/jpeg"}],"twitter_card":"summary_large_image","twitter_misc":{"Tiempo de lectura":"1 minuto"},"schema":{"@context":"https:\/\/schema.org","@graph":[{"@type":"WebPage","@id":"https:\/\/shop.fincalaestacada.com\/tienda-de-experiencias\/producto\/cata-premium-grupo-minimo-10-personas\/","url":"https:\/\/shop.fincalaestacada.com\/tienda-de-experiencias\/producto\/cata-premium-grupo-minimo-10-personas\/","name":"Cata Premium GRUPO M\u00cdNIMO 10 PERSONAS - Experiencias","isPartOf":{"@id":"https:\/\/shop.fincalaestacada.com\/tienda-de-experiencias\/#website"},"primaryImageOfPage":{"@id":"https:\/\/shop.fincalaestacada.com\/tienda-de-experiencias\/producto\/cata-premium-grupo-minimo-10-personas\/#primaryimage"},"image":{"@id":"https:\/\/shop.fincalaestacada.com\/tienda-de-experiencias\/producto\/cata-premium-grupo-minimo-10-personas\/#primaryimage"},"thumbnailUrl":"https:\/\/shop.fincalaestacada.com\/tienda-de-experiencias\/wp-content\/uploads\/sites\/3\/2025\/11\/Cata-Premium-1.jpg","datePublished":"2025-11-27T10:33:14+00:00","dateModified":"2025-11-27T12:11:52+00:00","breadcrumb":{"@id":"https:\/\/shop.fincalaestacada.com\/tienda-de-experiencias\/producto\/cata-premium-grupo-minimo-10-personas\/#breadcrumb"},"inLanguage":"es","potentialAction":[{"@type":"ReadAction","target":["https:\/\/shop.fincalaestacada.com\/tienda-de-experiencias\/producto\/cata-premium-grupo-minimo-10-personas\/"]}]},{"@type":"ImageObject","inLanguage":"es","@id":"https:\/\/shop.fincalaestacada.com\/tienda-de-experiencias\/producto\/cata-premium-grupo-minimo-10-personas\/#primaryimage","url":"https:\/\/shop.fincalaestacada.com\/tienda-de-experiencias\/wp-content\/uploads\/sites\/3\/2025\/11\/Cata-Premium-1.jpg","contentUrl":"https:\/\/shop.fincalaestacada.com\/tienda-de-experiencias\/wp-content\/uploads\/sites\/3\/2025\/11\/Cata-Premium-1.jpg","width":721,"height":541},{"@type":"BreadcrumbList","@id":"https:\/\/shop.fincalaestacada.com\/tienda-de-experiencias\/producto\/cata-premium-grupo-minimo-10-personas\/#breadcrumb","itemListElement":[{"@type":"ListItem","position":1,"name":"Portada","item":"https:\/\/shop.fincalaestacada.com\/tienda-de-experiencias\/"},{"@type":"ListItem","position":2,"name":"Tienda","item":"https:\/\/shop.fincalaestacada.com\/tienda-de-experiencias\/tienda\/"},{"@type":"ListItem","position":3,"name":"Cata Premium GRUPO M\u00cdNIMO 10 PERSONAS"}]},{"@type":"WebSite","@id":"https:\/\/shop.fincalaestacada.com\/tienda-de-experiencias\/#website","url":"https:\/\/shop.fincalaestacada.com\/tienda-de-experiencias\/","name":"Experiencias","description":"Otro sitio m\u00e1s de Tienda Finca La Estacada","potentialAction":[{"@type":"SearchAction","target":{"@type":"EntryPoint","urlTemplate":"https:\/\/shop.fincalaestacada.com\/tienda-de-experiencias\/?s={search_term_string}"},"query-input":{"@type":"PropertyValueSpecification","valueRequired":true,"valueName":"search_term_string"}}],"inLanguage":"es"}]}},"_links":{"self":[{"href":"https:\/\/shop.fincalaestacada.com\/tienda-de-experiencias\/wp-json\/wp\/v2\/product\/6965","targetHints":{"allow":["GET"]}}],"collection":[{"href":"https:\/\/shop.fincalaestacada.com\/tienda-de-experiencias\/wp-json\/wp\/v2\/product"}],"about":[{"href":"https:\/\/shop.fincalaestacada.com\/tienda-de-experiencias\/wp-json\/wp\/v2\/types\/product"}],"replies":[{"embeddable":true,"href":"https:\/\/shop.fincalaestacada.com\/tienda-de-experiencias\/wp-json\/wp\/v2\/comments?post=6965"}],"wp:featuredmedia":[{"embeddable":true,"href":"https:\/\/shop.fincalaestacada.com\/tienda-de-experiencias\/wp-json\/wp\/v2\/media\/6982"}],"wp:attachment":[{"href":"https:\/\/shop.fincalaestacada.com\/tienda-de-experiencias\/wp-json\/wp\/v2\/media?parent=6965"}],"wp:term":[{"taxonomy":"product_brand","embeddable":true,"href":"https:\/\/shop.fincalaestacada.com\/tienda-de-experiencias\/wp-json\/wp\/v2\/product_brand?post=6965"},{"taxonomy":"product_cat","embeddable":true,"href":"https:\/\/shop.fincalaestacada.com\/tienda-de-experiencias\/wp-json\/wp\/v2\/product_cat?post=6965"},{"taxonomy":"product_tag","embeddable":true,"href":"https:\/\/shop.fincalaestacada.com\/tienda-de-experiencias\/wp-json\/wp\/v2\/product_tag?post=6965"}],"curies":[{"name":"wp","href":"https:\/\/api.w.org\/{rel}","templated":true}]}}