{"id":6963,"date":"2025-11-27T11:27:52","date_gmt":"2025-11-27T10:27:52","guid":{"rendered":"https:\/\/shop.fincalaestacada.com\/tienda-de-experiencias\/?post_type=product&#038;p=6963"},"modified":"2025-11-27T13:10:48","modified_gmt":"2025-11-27T12:10:48","slug":"enologo-por-un-dia-grupo-medio-20-personas","status":"publish","type":"product","link":"https:\/\/shop.fincalaestacada.com\/tienda-de-experiencias\/producto\/enologo-por-un-dia-grupo-medio-20-personas\/","title":{"rendered":"En\u00f3logo por un d\u00eda GRUPO MEDIO 20 PERSONAS"},"content":{"rendered":"<section class=\"l-section wpb_row height_large\"><div class=\"l-section-h i-cf\"><div class=\"g-cols vc_row via_flex valign_top type_default stacking_default\"><div class=\"vc_col-sm-12 wpb_column vc_column_container\"><div class=\"vc_column-inner\"><div class=\"wpb_wrapper\"><div class=\"wpb_text_column\"><div class=\"wpb_wrapper\"><p>Sum\u00e9rgete en una experiencia enotur\u00edstica diferente elaborando vuestro propio vino en grupo. Empezaremos con una visita r\u00e1pida a la bodega para conocer de forma sencilla c\u00f3mo trabajamos y prepararos para la actividad principal. Despu\u00e9s pasar\u00e9is al taller, donde cada equipo experimentar\u00e1 con distintos varietales y vinos de barrica para crear una mezcla \u00fanica. Probar\u00e9is, combinar\u00e9is y ajustar\u00e9is hasta dar con vuestro estilo de vino.<\/p>\n<p>Luego realizaremos una cata a ciegas con concurso, en la que un representante de cada equipo formar\u00e1 parte del jurado. El vino mejor valorado obtendr\u00e1 un Certificado como En\u00f3logo Amateur para todos sus creadores. La experiencia finaliza con una degustaci\u00f3n conjunta de todas las propuestas, compartiendo impresiones y celebrando el resultado de cada grupo.<\/p>\n<p>Una actividad din\u00e1mica, entretenida y perfecta para grupos de 20 personas.<\/p>\n<\/div><\/div><div class=\"w-separator size_small\"><\/div><div class=\"wpb_text_column\"><div class=\"wpb_wrapper\"><h3><b>REQUISITOS<\/b><\/h3>\n<\/div><\/div><div class=\"w-separator size_small\"><\/div><div class=\"wpb_text_column\"><div class=\"wpb_wrapper\"><ul>\n<li>Lunes a viernes<\/li>\n<li>20 Personas<\/li>\n<li>A las 12:00 o 17:00<\/li>\n<\/ul>\n<\/div><\/div><\/div><\/div><\/div><\/div><\/div><\/section>\n","protected":false},"excerpt":{"rendered":"Sum\u00e9rgete en una experiencia enotur\u00edstica diferente elaborando vuestro propio vino en grupo. Empezaremos con una visita r\u00e1pida a la bodega para conocer de forma sencilla c\u00f3mo trabajamos y prepararos para la actividad principal. Despu\u00e9s pasar\u00e9is al taller, donde cada equipo experimentar\u00e1 con distintos varietales y vinos de barrica para crear una mezcla \u00fanica. Probar\u00e9is, combinar\u00e9is...","protected":false},"featured_media":6985,"comment_status":"open","ping_status":"closed","template":"","meta":[],"product_brand":[],"product_cat":[35],"product_tag":[],"class_list":{"0":"post-6963","1":"product","2":"type-product","3":"status-publish","4":"has-post-thumbnail","6":"product_cat-actividades-para-grupos","8":"first","9":"instock","10":"shipping-taxable","11":"purchasable","12":"product-type-simple"},"yoast_head":"<!-- This site is optimized with the Yoast SEO plugin v26.8 - https:\/\/yoast.com\/product\/yoast-seo-wordpress\/ -->\n<title>En\u00f3logo por un d\u00eda GRUPO MEDIO 20 PERSONAS - Experiencias<\/title>\n<meta name=\"robots\" content=\"index, follow, max-snippet:-1, max-image-preview:large, max-video-preview:-1\" \/>\n<link rel=\"canonical\" href=\"https:\/\/shop.fincalaestacada.com\/tienda-de-experiencias\/producto\/enologo-por-un-dia-grupo-medio-20-personas\/\" \/>\n<meta property=\"og:locale\" content=\"es_ES\" \/>\n<meta property=\"og:type\" content=\"article\" \/>\n<meta property=\"og:title\" content=\"En\u00f3logo por un d\u00eda GRUPO MEDIO 20 PERSONAS - Experiencias\" \/>\n<meta property=\"og:url\" content=\"https:\/\/shop.fincalaestacada.com\/tienda-de-experiencias\/producto\/enologo-por-un-dia-grupo-medio-20-personas\/\" \/>\n<meta property=\"og:site_name\" content=\"Experiencias\" \/>\n<meta property=\"article:modified_time\" content=\"2025-11-27T12:10:48+00:00\" \/>\n<meta property=\"og:image\" content=\"https:\/\/shop.fincalaestacada.com\/tienda-de-experiencias\/wp-content\/uploads\/sites\/3\/2025\/11\/Enologia-1.jpg\" \/>\n\t<meta property=\"og:image:width\" content=\"721\" \/>\n\t<meta property=\"og:image:height\" content=\"541\" \/>\n\t<meta property=\"og:image:type\" content=\"image\/jpeg\" \/>\n<meta name=\"twitter:card\" content=\"summary_large_image\" \/>\n<meta name=\"twitter:label1\" content=\"Tiempo de lectura\" \/>\n\t<meta name=\"twitter:data1\" content=\"1 minuto\" \/>\n<script type=\"application\/ld+json\" class=\"yoast-schema-graph\">{\"@context\":\"https:\/\/schema.org\",\"@graph\":[{\"@type\":\"WebPage\",\"@id\":\"https:\/\/shop.fincalaestacada.com\/tienda-de-experiencias\/producto\/enologo-por-un-dia-grupo-medio-20-personas\/\",\"url\":\"https:\/\/shop.fincalaestacada.com\/tienda-de-experiencias\/producto\/enologo-por-un-dia-grupo-medio-20-personas\/\",\"name\":\"En\u00f3logo por un d\u00eda GRUPO MEDIO 20 PERSONAS - Experiencias\",\"isPartOf\":{\"@id\":\"https:\/\/shop.fincalaestacada.com\/tienda-de-experiencias\/#website\"},\"primaryImageOfPage\":{\"@id\":\"https:\/\/shop.fincalaestacada.com\/tienda-de-experiencias\/producto\/enologo-por-un-dia-grupo-medio-20-personas\/#primaryimage\"},\"image\":{\"@id\":\"https:\/\/shop.fincalaestacada.com\/tienda-de-experiencias\/producto\/enologo-por-un-dia-grupo-medio-20-personas\/#primaryimage\"},\"thumbnailUrl\":\"https:\/\/shop.fincalaestacada.com\/tienda-de-experiencias\/wp-content\/uploads\/sites\/3\/2025\/11\/Enologia-1.jpg\",\"datePublished\":\"2025-11-27T10:27:52+00:00\",\"dateModified\":\"2025-11-27T12:10:48+00:00\",\"breadcrumb\":{\"@id\":\"https:\/\/shop.fincalaestacada.com\/tienda-de-experiencias\/producto\/enologo-por-un-dia-grupo-medio-20-personas\/#breadcrumb\"},\"inLanguage\":\"es\",\"potentialAction\":[{\"@type\":\"ReadAction\",\"target\":[\"https:\/\/shop.fincalaestacada.com\/tienda-de-experiencias\/producto\/enologo-por-un-dia-grupo-medio-20-personas\/\"]}]},{\"@type\":\"ImageObject\",\"inLanguage\":\"es\",\"@id\":\"https:\/\/shop.fincalaestacada.com\/tienda-de-experiencias\/producto\/enologo-por-un-dia-grupo-medio-20-personas\/#primaryimage\",\"url\":\"https:\/\/shop.fincalaestacada.com\/tienda-de-experiencias\/wp-content\/uploads\/sites\/3\/2025\/11\/Enologia-1.jpg\",\"contentUrl\":\"https:\/\/shop.fincalaestacada.com\/tienda-de-experiencias\/wp-content\/uploads\/sites\/3\/2025\/11\/Enologia-1.jpg\",\"width\":721,\"height\":541},{\"@type\":\"BreadcrumbList\",\"@id\":\"https:\/\/shop.fincalaestacada.com\/tienda-de-experiencias\/producto\/enologo-por-un-dia-grupo-medio-20-personas\/#breadcrumb\",\"itemListElement\":[{\"@type\":\"ListItem\",\"position\":1,\"name\":\"Portada\",\"item\":\"https:\/\/shop.fincalaestacada.com\/tienda-de-experiencias\/\"},{\"@type\":\"ListItem\",\"position\":2,\"name\":\"Tienda\",\"item\":\"https:\/\/shop.fincalaestacada.com\/tienda-de-experiencias\/tienda\/\"},{\"@type\":\"ListItem\",\"position\":3,\"name\":\"En\u00f3logo por un d\u00eda GRUPO MEDIO 20 PERSONAS\"}]},{\"@type\":\"WebSite\",\"@id\":\"https:\/\/shop.fincalaestacada.com\/tienda-de-experiencias\/#website\",\"url\":\"https:\/\/shop.fincalaestacada.com\/tienda-de-experiencias\/\",\"name\":\"Experiencias\",\"description\":\"Otro sitio m\u00e1s de Tienda Finca La Estacada\",\"potentialAction\":[{\"@type\":\"SearchAction\",\"target\":{\"@type\":\"EntryPoint\",\"urlTemplate\":\"https:\/\/shop.fincalaestacada.com\/tienda-de-experiencias\/?s={search_term_string}\"},\"query-input\":{\"@type\":\"PropertyValueSpecification\",\"valueRequired\":true,\"valueName\":\"search_term_string\"}}],\"inLanguage\":\"es\"}]}<\/script>\n<!-- \/ Yoast SEO plugin. -->","yoast_head_json":{"title":"En\u00f3logo por un d\u00eda GRUPO MEDIO 20 PERSONAS - Experiencias","robots":{"index":"index","follow":"follow","max-snippet":"max-snippet:-1","max-image-preview":"max-image-preview:large","max-video-preview":"max-video-preview:-1"},"canonical":"https:\/\/shop.fincalaestacada.com\/tienda-de-experiencias\/producto\/enologo-por-un-dia-grupo-medio-20-personas\/","og_locale":"es_ES","og_type":"article","og_title":"En\u00f3logo por un d\u00eda GRUPO MEDIO 20 PERSONAS - Experiencias","og_url":"https:\/\/shop.fincalaestacada.com\/tienda-de-experiencias\/producto\/enologo-por-un-dia-grupo-medio-20-personas\/","og_site_name":"Experiencias","article_modified_time":"2025-11-27T12:10:48+00:00","og_image":[{"width":721,"height":541,"url":"https:\/\/shop.fincalaestacada.com\/tienda-de-experiencias\/wp-content\/uploads\/sites\/3\/2025\/11\/Enologia-1.jpg","type":"image\/jpeg"}],"twitter_card":"summary_large_image","twitter_misc":{"Tiempo de lectura":"1 minuto"},"schema":{"@context":"https:\/\/schema.org","@graph":[{"@type":"WebPage","@id":"https:\/\/shop.fincalaestacada.com\/tienda-de-experiencias\/producto\/enologo-por-un-dia-grupo-medio-20-personas\/","url":"https:\/\/shop.fincalaestacada.com\/tienda-de-experiencias\/producto\/enologo-por-un-dia-grupo-medio-20-personas\/","name":"En\u00f3logo por un d\u00eda GRUPO MEDIO 20 PERSONAS - Experiencias","isPartOf":{"@id":"https:\/\/shop.fincalaestacada.com\/tienda-de-experiencias\/#website"},"primaryImageOfPage":{"@id":"https:\/\/shop.fincalaestacada.com\/tienda-de-experiencias\/producto\/enologo-por-un-dia-grupo-medio-20-personas\/#primaryimage"},"image":{"@id":"https:\/\/shop.fincalaestacada.com\/tienda-de-experiencias\/producto\/enologo-por-un-dia-grupo-medio-20-personas\/#primaryimage"},"thumbnailUrl":"https:\/\/shop.fincalaestacada.com\/tienda-de-experiencias\/wp-content\/uploads\/sites\/3\/2025\/11\/Enologia-1.jpg","datePublished":"2025-11-27T10:27:52+00:00","dateModified":"2025-11-27T12:10:48+00:00","breadcrumb":{"@id":"https:\/\/shop.fincalaestacada.com\/tienda-de-experiencias\/producto\/enologo-por-un-dia-grupo-medio-20-personas\/#breadcrumb"},"inLanguage":"es","potentialAction":[{"@type":"ReadAction","target":["https:\/\/shop.fincalaestacada.com\/tienda-de-experiencias\/producto\/enologo-por-un-dia-grupo-medio-20-personas\/"]}]},{"@type":"ImageObject","inLanguage":"es","@id":"https:\/\/shop.fincalaestacada.com\/tienda-de-experiencias\/producto\/enologo-por-un-dia-grupo-medio-20-personas\/#primaryimage","url":"https:\/\/shop.fincalaestacada.com\/tienda-de-experiencias\/wp-content\/uploads\/sites\/3\/2025\/11\/Enologia-1.jpg","contentUrl":"https:\/\/shop.fincalaestacada.com\/tienda-de-experiencias\/wp-content\/uploads\/sites\/3\/2025\/11\/Enologia-1.jpg","width":721,"height":541},{"@type":"BreadcrumbList","@id":"https:\/\/shop.fincalaestacada.com\/tienda-de-experiencias\/producto\/enologo-por-un-dia-grupo-medio-20-personas\/#breadcrumb","itemListElement":[{"@type":"ListItem","position":1,"name":"Portada","item":"https:\/\/shop.fincalaestacada.com\/tienda-de-experiencias\/"},{"@type":"ListItem","position":2,"name":"Tienda","item":"https:\/\/shop.fincalaestacada.com\/tienda-de-experiencias\/tienda\/"},{"@type":"ListItem","position":3,"name":"En\u00f3logo por un d\u00eda GRUPO MEDIO 20 PERSONAS"}]},{"@type":"WebSite","@id":"https:\/\/shop.fincalaestacada.com\/tienda-de-experiencias\/#website","url":"https:\/\/shop.fincalaestacada.com\/tienda-de-experiencias\/","name":"Experiencias","description":"Otro sitio m\u00e1s de Tienda Finca La Estacada","potentialAction":[{"@type":"SearchAction","target":{"@type":"EntryPoint","urlTemplate":"https:\/\/shop.fincalaestacada.com\/tienda-de-experiencias\/?s={search_term_string}"},"query-input":{"@type":"PropertyValueSpecification","valueRequired":true,"valueName":"search_term_string"}}],"inLanguage":"es"}]}},"_links":{"self":[{"href":"https:\/\/shop.fincalaestacada.com\/tienda-de-experiencias\/wp-json\/wp\/v2\/product\/6963","targetHints":{"allow":["GET"]}}],"collection":[{"href":"https:\/\/shop.fincalaestacada.com\/tienda-de-experiencias\/wp-json\/wp\/v2\/product"}],"about":[{"href":"https:\/\/shop.fincalaestacada.com\/tienda-de-experiencias\/wp-json\/wp\/v2\/types\/product"}],"replies":[{"embeddable":true,"href":"https:\/\/shop.fincalaestacada.com\/tienda-de-experiencias\/wp-json\/wp\/v2\/comments?post=6963"}],"wp:featuredmedia":[{"embeddable":true,"href":"https:\/\/shop.fincalaestacada.com\/tienda-de-experiencias\/wp-json\/wp\/v2\/media\/6985"}],"wp:attachment":[{"href":"https:\/\/shop.fincalaestacada.com\/tienda-de-experiencias\/wp-json\/wp\/v2\/media?parent=6963"}],"wp:term":[{"taxonomy":"product_brand","embeddable":true,"href":"https:\/\/shop.fincalaestacada.com\/tienda-de-experiencias\/wp-json\/wp\/v2\/product_brand?post=6963"},{"taxonomy":"product_cat","embeddable":true,"href":"https:\/\/shop.fincalaestacada.com\/tienda-de-experiencias\/wp-json\/wp\/v2\/product_cat?post=6963"},{"taxonomy":"product_tag","embeddable":true,"href":"https:\/\/shop.fincalaestacada.com\/tienda-de-experiencias\/wp-json\/wp\/v2\/product_tag?post=6963"}],"curies":[{"name":"wp","href":"https:\/\/api.w.org\/{rel}","templated":true}]}}