{"id":3616,"date":"2022-02-09T16:01:56","date_gmt":"2022-02-09T15:01:56","guid":{"rendered":"https:\/\/shop.fincalaestacada.com\/tienda-de-experiencias\/?post_type=product&#038;p=3616"},"modified":"2026-03-02T09:47:11","modified_gmt":"2026-03-02T08:47:11","slug":"vitaminas-para-tu-piel","status":"publish","type":"product","link":"https:\/\/shop.fincalaestacada.com\/tienda-de-experiencias\/producto\/vitaminas-para-tu-piel\/","title":{"rendered":"Vitaminas para tu piel"},"content":{"rendered":"<section class=\"l-section wpb_row us_custom_36724591 height_large\"><div class=\"l-section-h i-cf\"><div class=\"g-cols vc_row via_flex valign_top type_default stacking_default\"><div class=\"vc_col-sm-12 wpb_column vc_column_container\"><div class=\"vc_column-inner\"><div class=\"wpb_wrapper\"><div class=\"wpb_text_column us_custom_50cc7d67\"><div class=\"wpb_wrapper\"><p> Cuida tu piel y haz que brille.<\/p>\n<\/div><\/div><div class=\"w-tabs layout_hor style_default switch_click has_scrolling\" style=\"--sections-title-size:1em\"><div class=\"w-tabs-list items_2 align_justify\" style=\"font-family:var(--font-family);\"><div class=\"w-tabs-list-h\"><button class=\"w-tabs-item active\" aria-controls=\"content-t82b\" aria-expanded=\"false\"><span class=\"w-tabs-item-title\">Informaci\u00f3n<\/span><\/button><button class=\"w-tabs-item\" aria-controls=\"content-c9c6\" aria-expanded=\"false\"><span class=\"w-tabs-item-title\">Condiciones<\/span><\/button><\/div><\/div><div class=\"w-tabs-sections titles-align_none icon_chevron cpos_right\"><div class=\"w-tabs-section active\" id=\"t82b\"><button class=\"w-tabs-section-header active\" aria-controls=\"content-t82b\" aria-expanded=\"true\"><div class=\"w-tabs-section-title\">Informaci\u00f3n<\/div><div class=\"w-tabs-section-control\"><\/div><\/button><div  class=\"w-tabs-section-content\" id=\"content-t82b\"><div class=\"w-tabs-section-content-h i-cf\"><div class=\"wpb_text_column\"><div class=\"wpb_wrapper\"><p>* 65\u20ac Precio por persona<\/p>\n<p>INCLUYE:<\/p>\n<ul>\n<li>Facial con vitamina C y \u00e1cido hialur\u00f3nico<\/li>\n<li>Masaje de piernas<\/li>\n<\/ul>\n<p><a href=\"https:\/\/shop.fincalaestacada.com\/contacto\/\">Ponte en contacto con nosotros para m\u00e1s informaci\u00f3n.<\/a><\/p>\n<\/div><\/div><\/div><\/div><\/div><div class=\"w-tabs-section\" id=\"c9c6\"><button class=\"w-tabs-section-header\" aria-controls=\"content-c9c6\" aria-expanded=\"false\"><div class=\"w-tabs-section-title\">Condiciones<\/div><div class=\"w-tabs-section-control\"><\/div><\/button><div  class=\"w-tabs-section-content\" id=\"content-c9c6\"><div class=\"w-tabs-section-content-h i-cf\"><div class=\"wpb_text_column\"><div class=\"wpb_wrapper\"><ul>\n<li>Validez de 6 meses desde la fecha de compra.<\/li>\n<li>Imprescindible cita previa.<\/li>\n<li>Sujeto a disponibilidad.<\/li>\n<\/ul>\n<p><a href=\"https:\/\/shop.fincalaestacada.com\/contacto\/\">Ponte en contacto con nosotros para m\u00e1s informaci\u00f3n.<\/a><\/p>\n<\/div><\/div><\/div><\/div><\/div><\/div><\/div><\/div><\/div><\/div><\/div><\/div><\/section>\n","protected":false},"excerpt":{"rendered":"Cuida tu piel y haz que brille. Informaci\u00f3nCondicionesInformaci\u00f3n* 65\u20ac Precio por persona INCLUYE: Facial con vitamina C y \u00e1cido hialur\u00f3nico Masaje de piernas Ponte en contacto con nosotros para m\u00e1s informaci\u00f3n. Condiciones Validez de 6 meses desde la fecha de compra. Imprescindible cita previa. Sujeto a disponibilidad. Ponte en contacto con nosotros para m\u00e1s informaci\u00f3n.","protected":false},"featured_media":3823,"comment_status":"closed","ping_status":"closed","template":"","meta":[],"product_brand":[],"product_cat":[18,29],"product_tag":[],"class_list":{"0":"post-3616","1":"product","2":"type-product","3":"status-publish","4":"has-post-thumbnail","6":"product_cat-experiencias","7":"product_cat-tienda-experiencias-spa","9":"first","10":"instock","11":"virtual","12":"purchasable","13":"product-type-simple"},"yoast_head":"<!-- This site is optimized with the Yoast SEO plugin v26.8 - https:\/\/yoast.com\/product\/yoast-seo-wordpress\/ -->\n<title>Vitaminas para tu piel - Experiencias<\/title>\n<meta name=\"robots\" content=\"index, follow, max-snippet:-1, max-image-preview:large, max-video-preview:-1\" \/>\n<link rel=\"canonical\" href=\"https:\/\/shop.fincalaestacada.com\/tienda-de-experiencias\/producto\/vitaminas-para-tu-piel\/\" \/>\n<meta property=\"og:locale\" content=\"es_ES\" \/>\n<meta property=\"og:type\" content=\"article\" \/>\n<meta property=\"og:title\" content=\"Vitaminas para tu piel - Experiencias\" \/>\n<meta property=\"og:url\" content=\"https:\/\/shop.fincalaestacada.com\/tienda-de-experiencias\/producto\/vitaminas-para-tu-piel\/\" \/>\n<meta property=\"og:site_name\" content=\"Experiencias\" \/>\n<meta property=\"article:modified_time\" content=\"2026-03-02T08:47:11+00:00\" \/>\n<meta property=\"og:image\" content=\"https:\/\/shop.fincalaestacada.com\/tienda-de-experiencias\/wp-content\/uploads\/sites\/3\/2022\/02\/stream-clean-water-before-beautiful-face-young-teen-blue-background-1-1-scaled.jpg\" \/>\n\t<meta property=\"og:image:width\" content=\"2560\" \/>\n\t<meta property=\"og:image:height\" content=\"1703\" \/>\n\t<meta property=\"og:image:type\" content=\"image\/jpeg\" \/>\n<meta name=\"twitter:card\" content=\"summary_large_image\" \/>\n<meta name=\"twitter:label1\" content=\"Tiempo de lectura\" \/>\n\t<meta name=\"twitter:data1\" content=\"1 minuto\" \/>\n<script type=\"application\/ld+json\" class=\"yoast-schema-graph\">{\"@context\":\"https:\/\/schema.org\",\"@graph\":[{\"@type\":\"WebPage\",\"@id\":\"https:\/\/shop.fincalaestacada.com\/tienda-de-experiencias\/producto\/vitaminas-para-tu-piel\/\",\"url\":\"https:\/\/shop.fincalaestacada.com\/tienda-de-experiencias\/producto\/vitaminas-para-tu-piel\/\",\"name\":\"Vitaminas para tu piel - Experiencias\",\"isPartOf\":{\"@id\":\"https:\/\/shop.fincalaestacada.com\/tienda-de-experiencias\/#website\"},\"primaryImageOfPage\":{\"@id\":\"https:\/\/shop.fincalaestacada.com\/tienda-de-experiencias\/producto\/vitaminas-para-tu-piel\/#primaryimage\"},\"image\":{\"@id\":\"https:\/\/shop.fincalaestacada.com\/tienda-de-experiencias\/producto\/vitaminas-para-tu-piel\/#primaryimage\"},\"thumbnailUrl\":\"https:\/\/shop.fincalaestacada.com\/tienda-de-experiencias\/wp-content\/uploads\/sites\/3\/2022\/02\/stream-clean-water-before-beautiful-face-young-teen-blue-background-1-1-scaled.jpg\",\"datePublished\":\"2022-02-09T15:01:56+00:00\",\"dateModified\":\"2026-03-02T08:47:11+00:00\",\"breadcrumb\":{\"@id\":\"https:\/\/shop.fincalaestacada.com\/tienda-de-experiencias\/producto\/vitaminas-para-tu-piel\/#breadcrumb\"},\"inLanguage\":\"es\",\"potentialAction\":[{\"@type\":\"ReadAction\",\"target\":[\"https:\/\/shop.fincalaestacada.com\/tienda-de-experiencias\/producto\/vitaminas-para-tu-piel\/\"]}]},{\"@type\":\"ImageObject\",\"inLanguage\":\"es\",\"@id\":\"https:\/\/shop.fincalaestacada.com\/tienda-de-experiencias\/producto\/vitaminas-para-tu-piel\/#primaryimage\",\"url\":\"https:\/\/shop.fincalaestacada.com\/tienda-de-experiencias\/wp-content\/uploads\/sites\/3\/2022\/02\/stream-clean-water-before-beautiful-face-young-teen-blue-background-1-1-scaled.jpg\",\"contentUrl\":\"https:\/\/shop.fincalaestacada.com\/tienda-de-experiencias\/wp-content\/uploads\/sites\/3\/2022\/02\/stream-clean-water-before-beautiful-face-young-teen-blue-background-1-1-scaled.jpg\",\"width\":2560,\"height\":1703},{\"@type\":\"BreadcrumbList\",\"@id\":\"https:\/\/shop.fincalaestacada.com\/tienda-de-experiencias\/producto\/vitaminas-para-tu-piel\/#breadcrumb\",\"itemListElement\":[{\"@type\":\"ListItem\",\"position\":1,\"name\":\"Portada\",\"item\":\"https:\/\/shop.fincalaestacada.com\/tienda-de-experiencias\/\"},{\"@type\":\"ListItem\",\"position\":2,\"name\":\"Tienda\",\"item\":\"https:\/\/shop.fincalaestacada.com\/tienda-de-experiencias\/tienda\/\"},{\"@type\":\"ListItem\",\"position\":3,\"name\":\"Vitaminas para tu piel\"}]},{\"@type\":\"WebSite\",\"@id\":\"https:\/\/shop.fincalaestacada.com\/tienda-de-experiencias\/#website\",\"url\":\"https:\/\/shop.fincalaestacada.com\/tienda-de-experiencias\/\",\"name\":\"Experiencias\",\"description\":\"Otro sitio m\u00e1s de Tienda Finca La Estacada\",\"potentialAction\":[{\"@type\":\"SearchAction\",\"target\":{\"@type\":\"EntryPoint\",\"urlTemplate\":\"https:\/\/shop.fincalaestacada.com\/tienda-de-experiencias\/?s={search_term_string}\"},\"query-input\":{\"@type\":\"PropertyValueSpecification\",\"valueRequired\":true,\"valueName\":\"search_term_string\"}}],\"inLanguage\":\"es\"}]}<\/script>\n<!-- \/ Yoast SEO plugin. -->","yoast_head_json":{"title":"Vitaminas para tu piel - Experiencias","robots":{"index":"index","follow":"follow","max-snippet":"max-snippet:-1","max-image-preview":"max-image-preview:large","max-video-preview":"max-video-preview:-1"},"canonical":"https:\/\/shop.fincalaestacada.com\/tienda-de-experiencias\/producto\/vitaminas-para-tu-piel\/","og_locale":"es_ES","og_type":"article","og_title":"Vitaminas para tu piel - Experiencias","og_url":"https:\/\/shop.fincalaestacada.com\/tienda-de-experiencias\/producto\/vitaminas-para-tu-piel\/","og_site_name":"Experiencias","article_modified_time":"2026-03-02T08:47:11+00:00","og_image":[{"width":2560,"height":1703,"url":"https:\/\/shop.fincalaestacada.com\/tienda-de-experiencias\/wp-content\/uploads\/sites\/3\/2022\/02\/stream-clean-water-before-beautiful-face-young-teen-blue-background-1-1-scaled.jpg","type":"image\/jpeg"}],"twitter_card":"summary_large_image","twitter_misc":{"Tiempo de lectura":"1 minuto"},"schema":{"@context":"https:\/\/schema.org","@graph":[{"@type":"WebPage","@id":"https:\/\/shop.fincalaestacada.com\/tienda-de-experiencias\/producto\/vitaminas-para-tu-piel\/","url":"https:\/\/shop.fincalaestacada.com\/tienda-de-experiencias\/producto\/vitaminas-para-tu-piel\/","name":"Vitaminas para tu piel - Experiencias","isPartOf":{"@id":"https:\/\/shop.fincalaestacada.com\/tienda-de-experiencias\/#website"},"primaryImageOfPage":{"@id":"https:\/\/shop.fincalaestacada.com\/tienda-de-experiencias\/producto\/vitaminas-para-tu-piel\/#primaryimage"},"image":{"@id":"https:\/\/shop.fincalaestacada.com\/tienda-de-experiencias\/producto\/vitaminas-para-tu-piel\/#primaryimage"},"thumbnailUrl":"https:\/\/shop.fincalaestacada.com\/tienda-de-experiencias\/wp-content\/uploads\/sites\/3\/2022\/02\/stream-clean-water-before-beautiful-face-young-teen-blue-background-1-1-scaled.jpg","datePublished":"2022-02-09T15:01:56+00:00","dateModified":"2026-03-02T08:47:11+00:00","breadcrumb":{"@id":"https:\/\/shop.fincalaestacada.com\/tienda-de-experiencias\/producto\/vitaminas-para-tu-piel\/#breadcrumb"},"inLanguage":"es","potentialAction":[{"@type":"ReadAction","target":["https:\/\/shop.fincalaestacada.com\/tienda-de-experiencias\/producto\/vitaminas-para-tu-piel\/"]}]},{"@type":"ImageObject","inLanguage":"es","@id":"https:\/\/shop.fincalaestacada.com\/tienda-de-experiencias\/producto\/vitaminas-para-tu-piel\/#primaryimage","url":"https:\/\/shop.fincalaestacada.com\/tienda-de-experiencias\/wp-content\/uploads\/sites\/3\/2022\/02\/stream-clean-water-before-beautiful-face-young-teen-blue-background-1-1-scaled.jpg","contentUrl":"https:\/\/shop.fincalaestacada.com\/tienda-de-experiencias\/wp-content\/uploads\/sites\/3\/2022\/02\/stream-clean-water-before-beautiful-face-young-teen-blue-background-1-1-scaled.jpg","width":2560,"height":1703},{"@type":"BreadcrumbList","@id":"https:\/\/shop.fincalaestacada.com\/tienda-de-experiencias\/producto\/vitaminas-para-tu-piel\/#breadcrumb","itemListElement":[{"@type":"ListItem","position":1,"name":"Portada","item":"https:\/\/shop.fincalaestacada.com\/tienda-de-experiencias\/"},{"@type":"ListItem","position":2,"name":"Tienda","item":"https:\/\/shop.fincalaestacada.com\/tienda-de-experiencias\/tienda\/"},{"@type":"ListItem","position":3,"name":"Vitaminas para tu piel"}]},{"@type":"WebSite","@id":"https:\/\/shop.fincalaestacada.com\/tienda-de-experiencias\/#website","url":"https:\/\/shop.fincalaestacada.com\/tienda-de-experiencias\/","name":"Experiencias","description":"Otro sitio m\u00e1s de Tienda Finca La Estacada","potentialAction":[{"@type":"SearchAction","target":{"@type":"EntryPoint","urlTemplate":"https:\/\/shop.fincalaestacada.com\/tienda-de-experiencias\/?s={search_term_string}"},"query-input":{"@type":"PropertyValueSpecification","valueRequired":true,"valueName":"search_term_string"}}],"inLanguage":"es"}]}},"_links":{"self":[{"href":"https:\/\/shop.fincalaestacada.com\/tienda-de-experiencias\/wp-json\/wp\/v2\/product\/3616","targetHints":{"allow":["GET"]}}],"collection":[{"href":"https:\/\/shop.fincalaestacada.com\/tienda-de-experiencias\/wp-json\/wp\/v2\/product"}],"about":[{"href":"https:\/\/shop.fincalaestacada.com\/tienda-de-experiencias\/wp-json\/wp\/v2\/types\/product"}],"replies":[{"embeddable":true,"href":"https:\/\/shop.fincalaestacada.com\/tienda-de-experiencias\/wp-json\/wp\/v2\/comments?post=3616"}],"wp:featuredmedia":[{"embeddable":true,"href":"https:\/\/shop.fincalaestacada.com\/tienda-de-experiencias\/wp-json\/wp\/v2\/media\/3823"}],"wp:attachment":[{"href":"https:\/\/shop.fincalaestacada.com\/tienda-de-experiencias\/wp-json\/wp\/v2\/media?parent=3616"}],"wp:term":[{"taxonomy":"product_brand","embeddable":true,"href":"https:\/\/shop.fincalaestacada.com\/tienda-de-experiencias\/wp-json\/wp\/v2\/product_brand?post=3616"},{"taxonomy":"product_cat","embeddable":true,"href":"https:\/\/shop.fincalaestacada.com\/tienda-de-experiencias\/wp-json\/wp\/v2\/product_cat?post=3616"},{"taxonomy":"product_tag","embeddable":true,"href":"https:\/\/shop.fincalaestacada.com\/tienda-de-experiencias\/wp-json\/wp\/v2\/product_tag?post=3616"}],"curies":[{"name":"wp","href":"https:\/\/api.w.org\/{rel}","templated":true}]}}